{"id":8,"date":"2017-11-12T14:20:00","date_gmt":"2017-11-12T22:20:00","guid":{"rendered":"https:\/\/artsci.laverne.edu\/languages\/?page_id=8"},"modified":"2025-02-06T10:38:47","modified_gmt":"2025-02-06T18:38:47","slug":"french","status":"publish","type":"page","link":"https:\/\/artsci.laverne.edu\/languages\/french\/","title":{"rendered":"French"},"content":{"rendered":"<p>The French Program at the University of La&nbsp;Verne aims to familiarize students with the full spectrum of the cultural richness of the French-speaking world through intensive study of the language, literature, and culture of francophone nations. With over 100 million speakers of French in the world in Europe, Asia, Africa, and the Americas, the study of French provides students with a valuable global perspective on world affairs as well as a source of personal enrichment and enjoyment that comes from speaking another language.<\/p>\n<h2>Study Abroad<\/h2>\n<p><strong>French majors are encouraged to study abroad in France.<\/strong> Financial aid is available for this special opportunity.<\/p>\n<p>A great number of courses in French can be made available to qualified students through study abroad programs in\u00a0<a href=\"http:\/\/www.ciee.org\/study-abroad\/france\/paris\/\">Paris<\/a> or Strasbourg, France. <span data-olk-copy-source=\"MessageBody\">Through <a href=\"https:\/\/www.accesstudyabroad.fr\/\">Acces Study Abroad<\/a>, students may spend a semester in Strasbourg, France, taking classes in French or English.\u00a0<\/span><\/p>\n<p>Students already proficient in French may enroll in classes offered directly at the colleges of the Universit\u00e9 de Strasbourg.<\/p>\n<p>Classes offered in these programs and at the BCA center have included French Cinema, International Organizations, Phonetics, Advanced Syntax, French Media, and Introduction to Provincial Studies.<\/p>\n<p>Internships have been arranged for students in France at such institutions as the Institute for Human Rights, the International Red Cross, the Th\u00e9\u00e2tre de Nancy, and the Biblioth\u00e8que Am\u00e9ricaine.<\/p>\n<h2>Career Paths<\/h2>\n<p>A major in French could be an excellent preparation for graduate studies in the humanities, law, and other fields. Students with majors or minors in French have found employment in international affairs and elementary, secondary, and higher education, both in the United States and abroad.<\/p>\n","protected":false},"excerpt":{"rendered":"<p>The French Program at the University of La&nbsp;Verne aims to familiarize students with the full spectrum of the cultural richness of the French-speaking world through intensive study of the language, literature, and culture of francophone nations. With over 100 million speakers of French in the world in Europe, Asia, Africa, and the Americas, the study [&hellip;]<\/p>\n","protected":false},"author":69,"featured_media":57,"parent":0,"menu_order":0,"comment_status":"closed","ping_status":"closed","template":"template-landing-page.php","meta":{"_acf_changed":false,"footnotes":""},"class_list":["post-8","page","type-page","status-publish","has-post-thumbnail","hentry"],"acf":[],"yoast_head":"<!-- This site is optimized with the Yoast SEO Premium plugin v23.8 (Yoast SEO v23.8) - https:\/\/yoast.com\/wordpress\/plugins\/seo\/ -->\n<title>French | Modern Languages Department | University of La Verne<\/title>\n<meta name=\"description\" content=\"The French Program at the University of La Verne aims to familiarize students with the full spectrum of the cultural richness of the French speaking world.\" \/>\n<meta name=\"robots\" content=\"index, follow, max-snippet:-1, max-image-preview:large, max-video-preview:-1\" \/>\n<link rel=\"canonical\" href=\"https:\/\/artsci.laverne.edu\/languages\/french\/\" \/>\n<meta property=\"og:locale\" content=\"en_US\" \/>\n<meta property=\"og:type\" content=\"article\" \/>\n<meta property=\"og:title\" content=\"French\" \/>\n<meta property=\"og:description\" content=\"The French Program at the University of La Verne aims to familiarize students with the full spectrum of the cultural richness of the French speaking world.\" \/>\n<meta property=\"og:url\" content=\"https:\/\/artsci.laverne.edu\/languages\/french\/\" \/>\n<meta property=\"og:site_name\" content=\"Modern Languages Department\" \/>\n<meta property=\"article:publisher\" content=\"https:\/\/www.facebook.com\/ULaVerne\/\" \/>\n<meta property=\"article:modified_time\" content=\"2025-02-06T18:38:47+00:00\" \/>\n<meta property=\"og:image\" content=\"https:\/\/artsci.laverne.edu\/languages\/wp-content\/uploads\/sites\/8\/2017\/11\/French-StudyAbroad.jpg\" \/>\n\t<meta property=\"og:image:width\" content=\"1200\" \/>\n\t<meta property=\"og:image:height\" content=\"510\" \/>\n\t<meta property=\"og:image:type\" content=\"image\/jpeg\" \/>\n<meta name=\"twitter:card\" content=\"summary_large_image\" \/>\n<meta name=\"twitter:site\" content=\"@ULaVerne\" \/>\n<meta name=\"twitter:label1\" content=\"Est. reading time\" \/>\n\t<meta name=\"twitter:data1\" content=\"1 minute\" \/>\n<script type=\"application\/ld+json\" class=\"yoast-schema-graph\">{\"@context\":\"https:\/\/schema.org\",\"@graph\":[{\"@type\":\"WebPage\",\"@id\":\"https:\/\/artsci.laverne.edu\/languages\/french\/\",\"url\":\"https:\/\/artsci.laverne.edu\/languages\/french\/\",\"name\":\"French | Modern Languages Department | University of La Verne\",\"isPartOf\":{\"@id\":\"https:\/\/artsci.laverne.edu\/languages\/#website\"},\"primaryImageOfPage\":{\"@id\":\"https:\/\/artsci.laverne.edu\/languages\/french\/#primaryimage\"},\"image\":{\"@id\":\"https:\/\/artsci.laverne.edu\/languages\/french\/#primaryimage\"},\"thumbnailUrl\":\"https:\/\/artsci.laverne.edu\/languages\/wp-content\/uploads\/sites\/8\/2017\/11\/French-StudyAbroad.jpg\",\"datePublished\":\"2017-11-12T22:20:00+00:00\",\"dateModified\":\"2025-02-06T18:38:47+00:00\",\"description\":\"The French Program at the University of La Verne aims to familiarize students with the full spectrum of the cultural richness of the French speaking world.\",\"breadcrumb\":{\"@id\":\"https:\/\/artsci.laverne.edu\/languages\/french\/#breadcrumb\"},\"inLanguage\":\"en-US\",\"potentialAction\":[{\"@type\":\"ReadAction\",\"target\":[\"https:\/\/artsci.laverne.edu\/languages\/french\/\"]}]},{\"@type\":\"ImageObject\",\"inLanguage\":\"en-US\",\"@id\":\"https:\/\/artsci.laverne.edu\/languages\/french\/#primaryimage\",\"url\":\"https:\/\/artsci.laverne.edu\/languages\/wp-content\/uploads\/sites\/8\/2017\/11\/French-StudyAbroad.jpg\",\"contentUrl\":\"https:\/\/artsci.laverne.edu\/languages\/wp-content\/uploads\/sites\/8\/2017\/11\/French-StudyAbroad.jpg\",\"width\":1200,\"height\":510,\"caption\":\"Study Abroad - France\"},{\"@type\":\"BreadcrumbList\",\"@id\":\"https:\/\/artsci.laverne.edu\/languages\/french\/#breadcrumb\",\"itemListElement\":[{\"@type\":\"ListItem\",\"position\":1,\"name\":\"Home\",\"item\":\"https:\/\/artsci.laverne.edu\/languages\/\"},{\"@type\":\"ListItem\",\"position\":2,\"name\":\"French\"}]},{\"@type\":\"WebSite\",\"@id\":\"https:\/\/artsci.laverne.edu\/languages\/#website\",\"url\":\"https:\/\/artsci.laverne.edu\/languages\/\",\"name\":\"Modern Languages Department\",\"description\":\"University of La Verne\",\"potentialAction\":[{\"@type\":\"SearchAction\",\"target\":{\"@type\":\"EntryPoint\",\"urlTemplate\":\"https:\/\/artsci.laverne.edu\/languages\/?s={search_term_string}\"},\"query-input\":{\"@type\":\"PropertyValueSpecification\",\"valueRequired\":true,\"valueName\":\"search_term_string\"}}],\"inLanguage\":\"en-US\"}]}<\/script>\n<!-- \/ Yoast SEO Premium plugin. -->","yoast_head_json":{"title":"French | Modern Languages Department | University of La Verne","description":"The French Program at the University of La Verne aims to familiarize students with the full spectrum of the cultural richness of the French speaking world.","robots":{"index":"index","follow":"follow","max-snippet":"max-snippet:-1","max-image-preview":"max-image-preview:large","max-video-preview":"max-video-preview:-1"},"canonical":"https:\/\/artsci.laverne.edu\/languages\/french\/","og_locale":"en_US","og_type":"article","og_title":"French","og_description":"The French Program at the University of La Verne aims to familiarize students with the full spectrum of the cultural richness of the French speaking world.","og_url":"https:\/\/artsci.laverne.edu\/languages\/french\/","og_site_name":"Modern Languages Department","article_publisher":"https:\/\/www.facebook.com\/ULaVerne\/","article_modified_time":"2025-02-06T18:38:47+00:00","og_image":[{"width":1200,"height":510,"url":"https:\/\/artsci.laverne.edu\/languages\/wp-content\/uploads\/sites\/8\/2017\/11\/French-StudyAbroad.jpg","type":"image\/jpeg"}],"twitter_card":"summary_large_image","twitter_site":"@ULaVerne","twitter_misc":{"Est. reading time":"1 minute"},"schema":{"@context":"https:\/\/schema.org","@graph":[{"@type":"WebPage","@id":"https:\/\/artsci.laverne.edu\/languages\/french\/","url":"https:\/\/artsci.laverne.edu\/languages\/french\/","name":"French | Modern Languages Department | University of La Verne","isPartOf":{"@id":"https:\/\/artsci.laverne.edu\/languages\/#website"},"primaryImageOfPage":{"@id":"https:\/\/artsci.laverne.edu\/languages\/french\/#primaryimage"},"image":{"@id":"https:\/\/artsci.laverne.edu\/languages\/french\/#primaryimage"},"thumbnailUrl":"https:\/\/artsci.laverne.edu\/languages\/wp-content\/uploads\/sites\/8\/2017\/11\/French-StudyAbroad.jpg","datePublished":"2017-11-12T22:20:00+00:00","dateModified":"2025-02-06T18:38:47+00:00","description":"The French Program at the University of La Verne aims to familiarize students with the full spectrum of the cultural richness of the French speaking world.","breadcrumb":{"@id":"https:\/\/artsci.laverne.edu\/languages\/french\/#breadcrumb"},"inLanguage":"en-US","potentialAction":[{"@type":"ReadAction","target":["https:\/\/artsci.laverne.edu\/languages\/french\/"]}]},{"@type":"ImageObject","inLanguage":"en-US","@id":"https:\/\/artsci.laverne.edu\/languages\/french\/#primaryimage","url":"https:\/\/artsci.laverne.edu\/languages\/wp-content\/uploads\/sites\/8\/2017\/11\/French-StudyAbroad.jpg","contentUrl":"https:\/\/artsci.laverne.edu\/languages\/wp-content\/uploads\/sites\/8\/2017\/11\/French-StudyAbroad.jpg","width":1200,"height":510,"caption":"Study Abroad - France"},{"@type":"BreadcrumbList","@id":"https:\/\/artsci.laverne.edu\/languages\/french\/#breadcrumb","itemListElement":[{"@type":"ListItem","position":1,"name":"Home","item":"https:\/\/artsci.laverne.edu\/languages\/"},{"@type":"ListItem","position":2,"name":"French"}]},{"@type":"WebSite","@id":"https:\/\/artsci.laverne.edu\/languages\/#website","url":"https:\/\/artsci.laverne.edu\/languages\/","name":"Modern Languages Department","description":"University of La Verne","potentialAction":[{"@type":"SearchAction","target":{"@type":"EntryPoint","urlTemplate":"https:\/\/artsci.laverne.edu\/languages\/?s={search_term_string}"},"query-input":{"@type":"PropertyValueSpecification","valueRequired":true,"valueName":"search_term_string"}}],"inLanguage":"en-US"}]}},"publishpress_future_action":{"enabled":false,"date":"2026-05-14 06:31:13","action":"change-status","newStatus":"draft","terms":[],"taxonomy":""},"_links":{"self":[{"href":"https:\/\/artsci.laverne.edu\/languages\/wp-json\/wp\/v2\/pages\/8"}],"collection":[{"href":"https:\/\/artsci.laverne.edu\/languages\/wp-json\/wp\/v2\/pages"}],"about":[{"href":"https:\/\/artsci.laverne.edu\/languages\/wp-json\/wp\/v2\/types\/page"}],"author":[{"embeddable":true,"href":"https:\/\/artsci.laverne.edu\/languages\/wp-json\/wp\/v2\/users\/69"}],"replies":[{"embeddable":true,"href":"https:\/\/artsci.laverne.edu\/languages\/wp-json\/wp\/v2\/comments?post=8"}],"version-history":[{"count":5,"href":"https:\/\/artsci.laverne.edu\/languages\/wp-json\/wp\/v2\/pages\/8\/revisions"}],"predecessor-version":[{"id":146,"href":"https:\/\/artsci.laverne.edu\/languages\/wp-json\/wp\/v2\/pages\/8\/revisions\/146"}],"wp:featuredmedia":[{"embeddable":true,"href":"https:\/\/artsci.laverne.edu\/languages\/wp-json\/wp\/v2\/media\/57"}],"wp:attachment":[{"href":"https:\/\/artsci.laverne.edu\/languages\/wp-json\/wp\/v2\/media?parent=8"}],"curies":[{"name":"wp","href":"https:\/\/api.w.org\/{rel}","templated":true}]}}